{"id":4173,"date":"2025-03-07T15:32:55","date_gmt":"2025-03-07T12:32:55","guid":{"rendered":"https:\/\/on-dent.com\/?page_id=4173"},"modified":"2025-03-18T13:39:31","modified_gmt":"2025-03-18T10:39:31","slug":"anycubic-en-3-2-2","status":"publish","type":"page","link":"https:\/\/on-dent.com\/?page_id=4173&lang=de","title":{"rendered":"EpaxCyclonePrinterParametes-De"},"content":{"rendered":"\t\t<div data-elementor-type=\"wp-page\" data-elementor-id=\"4173\" class=\"elementor elementor-4173\" data-elementor-settings=\"[]\">\n\t\t\t\t\t\t<div class=\"elementor-inner\">\n\t\t\t\t\t\t\t<div class=\"elementor-section-wrap\">\n\t\t\t\t\t\t\t<section class=\"elementor-section elementor-top-section elementor-element elementor-element-7724681b elementor-section-height-min-height elementor-section-boxed elementor-section-height-default elementor-section-items-middle\" data-id=\"7724681b\" data-element_type=\"section\" data-settings=\"{&quot;background_background&quot;:&quot;classic&quot;}\">\n\t\t\t\t\t\t<div class=\"elementor-container elementor-column-gap-default\">\n\t\t\t\t\t\t\t<div class=\"elementor-row\">\n\t\t\t\t\t<div class=\"elementor-column elementor-col-66 elementor-top-column elementor-element elementor-element-1b3f8738\" data-id=\"1b3f8738\" data-element_type=\"column\">\n\t\t\t<div class=\"elementor-column-wrap elementor-element-populated\">\n\t\t\t\t\t\t\t<div class=\"elementor-widget-wrap\">\n\t\t\t\t\t\t<div class=\"elementor-element elementor-element-57a582a7 elementor-widget elementor-widget-heading\" data-id=\"57a582a7\" data-element_type=\"widget\" data-widget_type=\"heading.default\">\n\t\t\t\t<div class=\"elementor-widget-container\">\n\t\t\t<h2 class=\"elementor-heading-title elementor-size-default\">Cyclone Epax Druckparameter<\/h2>\t\t<\/div>\n\t\t\t\t<\/div>\n\t\t\t\t\t\t<\/div>\n\t\t\t\t\t<\/div>\n\t\t<\/div>\n\t\t\t\t<div class=\"elementor-column elementor-col-33 elementor-top-column elementor-element elementor-element-6ba1925b\" data-id=\"6ba1925b\" data-element_type=\"column\">\n\t\t\t<div class=\"elementor-column-wrap elementor-element-populated\">\n\t\t\t\t\t\t\t<div class=\"elementor-widget-wrap\">\n\t\t\t\t\t\t<div class=\"elementor-element elementor-element-25787e39 elementor-widget elementor-widget-text-editor\" data-id=\"25787e39\" data-element_type=\"widget\" data-widget_type=\"text-editor.default\">\n\t\t\t\t<div class=\"elementor-widget-container\">\n\t\t\t\t\t\t\t\t<div class=\"elementor-text-editor elementor-clearfix\">\n\t\t\t\t<p style=\"color: white; text-align: right; height: 32px; line-height: 32px; margin: 0; font-family: Arial; font-size: 16px;\">\u201eDer smarteste Weg f\u00fcr Ihr sch\u00f6nstes L\u00e4cheln!\u201c<\/p>\t\t\t\t\t<\/div>\n\t\t\t\t\t\t<\/div>\n\t\t\t\t<\/div>\n\t\t\t\t\t\t<\/div>\n\t\t\t\t\t<\/div>\n\t\t<\/div>\n\t\t\t\t\t\t\t\t<\/div>\n\t\t\t\t\t<\/div>\n\t\t<\/section>\n\t\t\t\t<section class=\"elementor-section elementor-top-section elementor-element elementor-element-e253b42 elementor-section-boxed elementor-section-height-default elementor-section-height-default\" data-id=\"e253b42\" data-element_type=\"section\">\n\t\t\t\t\t\t<div class=\"elementor-container elementor-column-gap-default\">\n\t\t\t\t\t\t\t<div class=\"elementor-row\">\n\t\t\t\t\t<div class=\"elementor-column elementor-col-100 elementor-top-column elementor-element elementor-element-2bd88f5\" data-id=\"2bd88f5\" data-element_type=\"column\">\n\t\t\t<div class=\"elementor-column-wrap elementor-element-populated\">\n\t\t\t\t\t\t\t<div class=\"elementor-widget-wrap\">\n\t\t\t\t\t\t<div class=\"elementor-element elementor-element-4d2b34d elementor-widget elementor-widget-text-editor\" data-id=\"4d2b34d\" data-element_type=\"widget\" data-widget_type=\"text-editor.default\">\n\t\t\t\t<div class=\"elementor-widget-container\">\n\t\t\t\t\t\t\t\t<div class=\"elementor-text-editor elementor-clearfix\">\n\t\t\t\t\t\t\t\t\t<\/div>\n\t\t\t\t\t\t<\/div>\n\t\t\t\t<\/div>\n\t\t\t\t\t\t<\/div>\n\t\t\t\t\t<\/div>\n\t\t<\/div>\n\t\t\t\t\t\t\t\t<\/div>\n\t\t\t\t\t<\/div>\n\t\t<\/section>\n\t\t\t\t<section class=\"elementor-section elementor-top-section elementor-element elementor-element-6252295 elementor-section-boxed elementor-section-height-default elementor-section-height-default\" data-id=\"6252295\" data-element_type=\"section\">\n\t\t\t\t\t\t<div class=\"elementor-container elementor-column-gap-default\">\n\t\t\t\t\t\t\t<div class=\"elementor-row\">\n\t\t\t\t\t<div class=\"elementor-column elementor-col-33 elementor-top-column elementor-element elementor-element-2dc9a5d\" data-id=\"2dc9a5d\" data-element_type=\"column\">\n\t\t\t<div class=\"elementor-column-wrap elementor-element-populated\">\n\t\t\t\t\t\t\t<div class=\"elementor-widget-wrap\">\n\t\t\t\t\t\t<div class=\"elementor-element elementor-element-09ad0f4 elementor-widget elementor-widget-image\" data-id=\"09ad0f4\" data-element_type=\"widget\" data-widget_type=\"image.default\">\n\t\t\t\t<div class=\"elementor-widget-container\">\n\t\t\t\t\t\t\t\t<div class=\"elementor-image\">\n\t\t\t\t\t\t\t\t\t\t\t\t<img loading=\"lazy\" decoding=\"async\" width=\"400\" height=\"400\" src=\"https:\/\/on-dent.com\/wp-content\/uploads\/2025\/03\/Epax-DX10-Pro.webp\" class=\"attachment-large size-large\" alt=\"\" srcset=\"https:\/\/on-dent.com\/wp-content\/uploads\/2025\/03\/Epax-DX10-Pro.webp 400w, https:\/\/on-dent.com\/wp-content\/uploads\/2025\/03\/Epax-DX10-Pro-300x300.webp 300w, https:\/\/on-dent.com\/wp-content\/uploads\/2025\/03\/Epax-DX10-Pro-150x150.webp 150w\" sizes=\"auto, (max-width: 400px) 100vw, 400px\" \/>\t\t\t\t\t\t\t\t\t\t\t\t\t\t<\/div>\n\t\t\t\t\t\t<\/div>\n\t\t\t\t<\/div>\n\t\t\t\t\t\t<\/div>\n\t\t\t\t\t<\/div>\n\t\t<\/div>\n\t\t\t\t<div class=\"elementor-column elementor-col-66 elementor-top-column elementor-element elementor-element-f724277\" data-id=\"f724277\" data-element_type=\"column\">\n\t\t\t<div class=\"elementor-column-wrap elementor-element-populated\">\n\t\t\t\t\t\t\t<div class=\"elementor-widget-wrap\">\n\t\t\t\t\t\t<div class=\"elementor-element elementor-element-40476ef elementor-widget elementor-widget-heading\" data-id=\"40476ef\" data-element_type=\"widget\" data-widget_type=\"heading.default\">\n\t\t\t\t<div class=\"elementor-widget-container\">\n\t\t\t<h2 class=\"elementor-heading-title elementor-size-default\">Epax DX10 Pro<\/h2>\t\t<\/div>\n\t\t\t\t<\/div>\n\t\t\t\t<div class=\"elementor-element elementor-element-5298d2f elementor-tabs-view-vertical elementor-widget elementor-widget-tabs\" data-id=\"5298d2f\" data-element_type=\"widget\" data-widget_type=\"tabs.default\">\n\t\t\t\t<div class=\"elementor-widget-container\">\n\t\t\t\t\t<div class=\"elementor-tabs\">\n\t\t\t<div class=\"elementor-tabs-wrapper\" role=\"tablist\" >\n\t\t\t\t\t\t\t\t\t<div id=\"elementor-tab-title-8661\" class=\"elementor-tab-title elementor-tab-desktop-title\" aria-selected=\"true\" data-tab=\"1\" role=\"tab\" tabindex=\"0\" aria-controls=\"elementor-tab-content-8661\" aria-expanded=\"false\"><a href=\"\">Model<\/a><\/div>\n\t\t\t\t\t\t\t\t\t<div id=\"elementor-tab-title-8662\" class=\"elementor-tab-title elementor-tab-desktop-title\" aria-selected=\"false\" data-tab=\"2\" role=\"tab\" tabindex=\"-1\" aria-controls=\"elementor-tab-content-8662\" aria-expanded=\"false\"><a href=\"\">Guide<\/a><\/div>\n\t\t\t\t\t\t\t\t\t<div id=\"elementor-tab-title-8663\" class=\"elementor-tab-title elementor-tab-desktop-title\" aria-selected=\"false\" data-tab=\"3\" role=\"tab\" tabindex=\"-1\" aria-controls=\"elementor-tab-content-8663\" aria-expanded=\"false\"><a href=\"\">Cast<\/a><\/div>\n\t\t\t\t\t\t\t\t\t<div id=\"elementor-tab-title-8664\" class=\"elementor-tab-title elementor-tab-desktop-title\" aria-selected=\"false\" data-tab=\"4\" role=\"tab\" tabindex=\"-1\" aria-controls=\"elementor-tab-content-8664\" aria-expanded=\"false\"><a href=\"\">Tray<\/a><\/div>\n\t\t\t\t\t\t\t\t\t<div id=\"elementor-tab-title-8665\" class=\"elementor-tab-title elementor-tab-desktop-title\" aria-selected=\"false\" data-tab=\"5\" role=\"tab\" tabindex=\"-1\" aria-controls=\"elementor-tab-content-8665\" aria-expanded=\"false\"><a href=\"\">Denture<\/a><\/div>\n\t\t\t\t\t\t\t\t\t<div id=\"elementor-tab-title-8666\" class=\"elementor-tab-title elementor-tab-desktop-title\" aria-selected=\"false\" data-tab=\"6\" role=\"tab\" tabindex=\"-1\" aria-controls=\"elementor-tab-content-8666\" aria-expanded=\"false\"><a href=\"\">Perma<\/a><\/div>\n\t\t\t\t\t\t\t\t\t<div id=\"elementor-tab-title-8667\" class=\"elementor-tab-title elementor-tab-desktop-title\" aria-selected=\"false\" data-tab=\"7\" role=\"tab\" tabindex=\"-1\" aria-controls=\"elementor-tab-content-8667\" aria-expanded=\"false\"><a href=\"\">Splint<\/a><\/div>\n\t\t\t\t\t\t\t\t\t<div id=\"elementor-tab-title-8668\" class=\"elementor-tab-title elementor-tab-desktop-title\" aria-selected=\"false\" data-tab=\"8\" role=\"tab\" tabindex=\"-1\" aria-controls=\"elementor-tab-content-8668\" aria-expanded=\"false\"><a href=\"\">Gingiva<\/a><\/div>\n\t\t\t\t\t\t\t\t\t<div id=\"elementor-tab-title-8669\" class=\"elementor-tab-title elementor-tab-desktop-title\" aria-selected=\"false\" data-tab=\"9\" role=\"tab\" tabindex=\"-1\" aria-controls=\"elementor-tab-content-8669\" aria-expanded=\"false\"><a href=\"\">Match<\/a><\/div>\n\t\t\t\t\t\t\t<\/div>\n\t\t\t<div class=\"elementor-tabs-content-wrapper\" role=\"tablist\" aria-orientation=\"vertical\">\n\t\t\t\t\t\t\t\t\t<div class=\"elementor-tab-title elementor-tab-mobile-title\" aria-selected=\"true\" data-tab=\"1\" role=\"tab\" tabindex=\"0\" aria-controls=\"elementor-tab-content-8661\" aria-expanded=\"false\">Model<\/div>\n\t\t\t\t\t<div id=\"elementor-tab-content-8661\" class=\"elementor-tab-content elementor-clearfix\" data-tab=\"1\" role=\"tabpanel\" aria-labelledby=\"elementor-tab-title-8661\" tabindex=\"0\" hidden=\"false\"><div style=\"display: flex; justify-content: space-between;\">\n<table style=\"border-collapse: collapse; width: 48%; border: 1px solid #000;\">\n<tbody>\n<tr>\n<td style=\"padding: 5px; border: 1px solid #ddd; font-weight: bold; max-height: 30px;\">Schichth\u00f6he:<\/td>\n<td style=\"padding: 5px; border: 1px solid #ddd; max-height: 30px;\">0,100 mm<\/td>\n<\/tr>\n<tr>\n<td style=\"padding: 5px; border: 1px solid #ddd; font-weight: bold; max-height: 30px;\">Unterste Schicht Anzahl:<\/td>\n<td style=\"padding: 5px; border: 1px solid #ddd; max-height: 30px;\">4<\/td>\n<\/tr>\n<tr>\n<td style=\"padding: 5px; border: 1px solid #ddd; font-weight: bold; max-height: 30px;\">Belichtungszeit:<\/td>\n<td style=\"padding: 5px; border: 1px solid #ddd; max-height: 30px;\">4.500 s<\/td>\n<\/tr>\n<tr>\n<td style=\"padding: 5px; border: 1px solid #ddd; font-weight: bold; max-height: 30px;\">Unterste Belichtungszeit:<\/td>\n<td style=\"padding: 5px; border: 1px solid #ddd; max-height: 30px;\">35.000 s<\/td>\n<\/tr>\n<tr>\n<td style=\"padding: 5px; border: 1px solid #ddd; font-weight: bold; max-height: 30px;\">\u00dcbergangsschicht Anzahl:<\/td>\n<td style=\"padding: 5px; border: 1px solid #ddd; max-height: 30px;\">0<\/td>\n<\/tr>\n<tr>\n<td style=\"padding: 5px; border: 1px solid #ddd; font-weight: bold; max-height: 30px;\">Wartemodus w\u00e4hrend des Drucks:<\/td>\n<td style=\"padding: 5px; border: 1px solid #ddd; max-height: 30px;\">Ruhezeit<\/td>\n<\/tr>\n<\/tbody>\n<\/table>\n<table style=\"border-collapse: collapse; width: 48%; border: 1px solid #000;\">\n<tbody>\n<tr>\n<td style=\"padding: 5px; border: 1px solid #ddd; font-weight: bold; max-height: 30px;\">Ruhezeit vor dem Anheben:<\/td>\n<td style=\"padding: 5px; border: 1px solid #ddd; max-height: 30px;\">0,000 s<\/td>\n<\/tr>\n<tr>\n<td style=\"padding: 5px; border: 1px solid #ddd; font-weight: bold; max-height: 30px;\">Ruhezeit nach dem Anheben:<\/td>\n<td style=\"padding: 5px; border: 1px solid #ddd; max-height: 30px;\">0,000 s<\/td>\n<\/tr>\n<tr>\n<td style=\"padding: 5px; border: 1px solid #ddd; font-weight: bold; max-height: 30px;\">Ruhezeit nach dem Zur\u00fcckziehen:<\/td>\n<td style=\"padding: 5px; border: 1px solid #ddd; max-height: 30px;\">2,000 s<\/td>\n<\/tr>\n<tr>\n<td style=\"padding: 5px; border: 1px solid #ddd; font-weight: bold; max-height: 30px;\">Ruhezeit der unteren Schicht nach dem Zur\u00fcckziehen:<\/td>\n<td style=\"padding: 5px; border: 1px solid #ddd; max-height: 30px;\">2,000 s<\/td>\n<\/tr>\n<\/tbody>\n<\/table>\n<\/div>\n<\/div>\n\t\t\t\t\t\t\t\t\t<div class=\"elementor-tab-title elementor-tab-mobile-title\" aria-selected=\"false\" data-tab=\"2\" role=\"tab\" tabindex=\"-1\" aria-controls=\"elementor-tab-content-8662\" aria-expanded=\"false\">Guide<\/div>\n\t\t\t\t\t<div id=\"elementor-tab-content-8662\" class=\"elementor-tab-content elementor-clearfix\" data-tab=\"2\" role=\"tabpanel\" aria-labelledby=\"elementor-tab-title-8662\" tabindex=\"0\" hidden=\"hidden\"><div style=\"display: flex; justify-content: space-between;\">\n<table style=\"border-collapse: collapse; width: 48%; border: 1px solid #000;\">\n<tbody>\n<tr>\n<td style=\"padding: 5px; border: 1px solid #ddd; font-weight: bold; max-height: 30px;\">Schichth\u00f6he:<\/td>\n<td style=\"padding: 5px; border: 1px solid #ddd; max-height: 30px;\">0,100 mm<\/td>\n<\/tr>\n<tr>\n<td style=\"padding: 5px; border: 1px solid #ddd; font-weight: bold; max-height: 30px;\">Unterste Schichtanzahl:<\/td>\n<td style=\"padding: 5px; border: 1px solid #ddd; max-height: 30px;\">4<\/td>\n<\/tr>\n<tr>\n<td style=\"padding: 5px; border: 1px solid #ddd; font-weight: bold; max-height: 30px;\">Belichtungszeit:<\/td>\n<td style=\"padding: 5px; border: 1px solid #ddd; max-height: 30px;\">5,599 s<\/td>\n<\/tr>\n<tr>\n<td style=\"padding: 5px; border: 1px solid #ddd; font-weight: bold; max-height: 30px;\">Unterste Belichtungszeit:<\/td>\n<td style=\"padding: 5px; border: 1px solid #ddd; max-height: 30px;\">25,000 s<\/td>\n<\/tr>\n<tr>\n<td style=\"padding: 5px; border: 1px solid #ddd; font-weight: bold; max-height: 30px;\">\u00dcbergangsschichtanzahl:<\/td>\n<td style=\"padding: 5px; border: 1px solid #ddd; max-height: 30px;\">0<\/td>\n<\/tr>\n<tr>\n<td style=\"padding: 5px; border: 1px solid #ddd; font-weight: bold; max-height: 30px;\">Wartemodus w\u00e4hrend des Druckens:<\/td>\n<td style=\"padding: 5px; border: 1px solid #ddd; max-height: 30px;\">Ruhezeit<\/td>\n<\/tr>\n<\/tbody>\n<\/table>\n<table style=\"border-collapse: collapse; width: 48%; border: 1px solid #000;\">\n<tbody>\n<tr>\n<td style=\"padding: 5px; border: 1px solid #ddd; font-weight: bold; max-height: 30px;\">Ruhezeit vor dem Anheben:<\/td>\n<td style=\"padding: 5px; border: 1px solid #ddd; max-height: 30px;\">0,000 s<\/td>\n<\/tr>\n<tr>\n<td style=\"padding: 5px; border: 1px solid #ddd; font-weight: bold; max-height: 30px;\">Ruhezeit nach dem Anheben:<\/td>\n<td style=\"padding: 5px; border: 1px solid #ddd; max-height: 30px;\">0,000 s<\/td>\n<\/tr>\n<tr>\n<td style=\"padding: 5px; border: 1px solid #ddd; font-weight: bold; max-height: 30px;\">Ruhezeit nach dem Zur\u00fcckziehen:<\/td>\n<td style=\"padding: 5px; border: 1px solid #ddd; max-height: 30px;\">5,000 s<\/td>\n<\/tr>\n<tr>\n<td style=\"padding: 5px; border: 1px solid #ddd; font-weight: bold; max-height: 30px;\">Unterste Ruhezeit nach dem Zur\u00fcckziehen:<\/td>\n<td style=\"padding: 5px; border: 1px solid #ddd; max-height: 30px;\">5,000 s<\/td>\n<\/tr>\n<\/tbody>\n<\/table>\n<\/div>\n<\/div>\n\t\t\t\t\t\t\t\t\t<div class=\"elementor-tab-title elementor-tab-mobile-title\" aria-selected=\"false\" data-tab=\"3\" role=\"tab\" tabindex=\"-1\" aria-controls=\"elementor-tab-content-8663\" aria-expanded=\"false\">Cast<\/div>\n\t\t\t\t\t<div id=\"elementor-tab-content-8663\" class=\"elementor-tab-content elementor-clearfix\" data-tab=\"3\" role=\"tabpanel\" aria-labelledby=\"elementor-tab-title-8663\" tabindex=\"0\" hidden=\"hidden\"><p>Die Seite wird aktualisiert.<\/p><\/div>\n\t\t\t\t\t\t\t\t\t<div class=\"elementor-tab-title elementor-tab-mobile-title\" aria-selected=\"false\" data-tab=\"4\" role=\"tab\" tabindex=\"-1\" aria-controls=\"elementor-tab-content-8664\" aria-expanded=\"false\">Tray<\/div>\n\t\t\t\t\t<div id=\"elementor-tab-content-8664\" class=\"elementor-tab-content elementor-clearfix\" data-tab=\"4\" role=\"tabpanel\" aria-labelledby=\"elementor-tab-title-8664\" tabindex=\"0\" hidden=\"hidden\"><p>Die Seite wird aktualisiert.<\/p><\/div>\n\t\t\t\t\t\t\t\t\t<div class=\"elementor-tab-title elementor-tab-mobile-title\" aria-selected=\"false\" data-tab=\"5\" role=\"tab\" tabindex=\"-1\" aria-controls=\"elementor-tab-content-8665\" aria-expanded=\"false\">Denture<\/div>\n\t\t\t\t\t<div id=\"elementor-tab-content-8665\" class=\"elementor-tab-content elementor-clearfix\" data-tab=\"5\" role=\"tabpanel\" aria-labelledby=\"elementor-tab-title-8665\" tabindex=\"0\" hidden=\"hidden\"><p>Die Seite wird aktualisiert.<\/p><\/div>\n\t\t\t\t\t\t\t\t\t<div class=\"elementor-tab-title elementor-tab-mobile-title\" aria-selected=\"false\" data-tab=\"6\" role=\"tab\" tabindex=\"-1\" aria-controls=\"elementor-tab-content-8666\" aria-expanded=\"false\">Perma<\/div>\n\t\t\t\t\t<div id=\"elementor-tab-content-8666\" class=\"elementor-tab-content elementor-clearfix\" data-tab=\"6\" role=\"tabpanel\" aria-labelledby=\"elementor-tab-title-8666\" tabindex=\"0\" hidden=\"hidden\"><p>Die Seite wird aktualisiert.<\/p><\/div>\n\t\t\t\t\t\t\t\t\t<div class=\"elementor-tab-title elementor-tab-mobile-title\" aria-selected=\"false\" data-tab=\"7\" role=\"tab\" tabindex=\"-1\" aria-controls=\"elementor-tab-content-8667\" aria-expanded=\"false\">Splint<\/div>\n\t\t\t\t\t<div id=\"elementor-tab-content-8667\" class=\"elementor-tab-content elementor-clearfix\" data-tab=\"7\" role=\"tabpanel\" aria-labelledby=\"elementor-tab-title-8667\" tabindex=\"0\" hidden=\"hidden\"><p>Die Seite wird aktualisiert.<\/p><\/div>\n\t\t\t\t\t\t\t\t\t<div class=\"elementor-tab-title elementor-tab-mobile-title\" aria-selected=\"false\" data-tab=\"8\" role=\"tab\" tabindex=\"-1\" aria-controls=\"elementor-tab-content-8668\" aria-expanded=\"false\">Gingiva<\/div>\n\t\t\t\t\t<div id=\"elementor-tab-content-8668\" class=\"elementor-tab-content elementor-clearfix\" data-tab=\"8\" role=\"tabpanel\" aria-labelledby=\"elementor-tab-title-8668\" tabindex=\"0\" hidden=\"hidden\"><p>Die Seite wird aktualisiert.<\/p><\/div>\n\t\t\t\t\t\t\t\t\t<div class=\"elementor-tab-title elementor-tab-mobile-title\" aria-selected=\"false\" data-tab=\"9\" role=\"tab\" tabindex=\"-1\" aria-controls=\"elementor-tab-content-8669\" aria-expanded=\"false\">Match<\/div>\n\t\t\t\t\t<div id=\"elementor-tab-content-8669\" class=\"elementor-tab-content elementor-clearfix\" data-tab=\"9\" role=\"tabpanel\" aria-labelledby=\"elementor-tab-title-8669\" tabindex=\"0\" hidden=\"hidden\"><p>Die Seite wird aktualisiert.<\/p><\/div>\n\t\t\t\t\t\t\t<\/div>\n\t\t<\/div>\n\t\t\t\t<\/div>\n\t\t\t\t<\/div>\n\t\t\t\t\t\t<\/div>\n\t\t\t\t\t<\/div>\n\t\t<\/div>\n\t\t\t\t\t\t\t\t<\/div>\n\t\t\t\t\t<\/div>\n\t\t<\/section>\n\t\t\t\t<section class=\"elementor-section elementor-top-section elementor-element elementor-element-535e7310 elementor-section-boxed elementor-section-height-default elementor-section-height-default\" data-id=\"535e7310\" data-element_type=\"section\">\n\t\t\t\t\t\t<div class=\"elementor-container elementor-column-gap-default\">\n\t\t\t\t\t\t\t<div class=\"elementor-row\">\n\t\t\t\t\t<div class=\"elementor-column elementor-col-100 elementor-top-column elementor-element elementor-element-7b7dc7e7\" data-id=\"7b7dc7e7\" data-element_type=\"column\">\n\t\t\t<div class=\"elementor-column-wrap elementor-element-populated\">\n\t\t\t\t\t\t\t<div class=\"elementor-widget-wrap\">\n\t\t\t\t\t\t<div class=\"elementor-element elementor-element-3037236f elementor-widget-divider--view-line elementor-widget elementor-widget-divider\" data-id=\"3037236f\" data-element_type=\"widget\" data-widget_type=\"divider.default\">\n\t\t\t\t<div class=\"elementor-widget-container\">\n\t\t\t\t\t<div class=\"elementor-divider\">\n\t\t\t<span class=\"elementor-divider-separator\">\n\t\t\t\t\t\t<\/span>\n\t\t<\/div>\n\t\t\t\t<\/div>\n\t\t\t\t<\/div>\n\t\t\t\t<div class=\"elementor-element elementor-element-38c927e4 elementor-widget elementor-widget-heading\" data-id=\"38c927e4\" data-element_type=\"widget\" data-widget_type=\"heading.default\">\n\t\t\t\t<div class=\"elementor-widget-container\">\n\t\t\t<h2 class=\"elementor-heading-title elementor-size-default\">Folgt uns auf!<\/h2>\t\t<\/div>\n\t\t\t\t<\/div>\n\t\t\t\t<div class=\"elementor-element elementor-element-af5aa00 elementor-shape-rounded elementor-grid-0 e-grid-align-center elementor-widget elementor-widget-social-icons\" data-id=\"af5aa00\" data-element_type=\"widget\" data-widget_type=\"social-icons.default\">\n\t\t\t\t<div class=\"elementor-widget-container\">\n\t\t\t\t\t<div class=\"elementor-social-icons-wrapper elementor-grid\">\n\t\t\t\t\t\t\t<span class=\"elementor-grid-item\">\n\t\t\t\t\t<a class=\"elementor-icon elementor-social-icon elementor-social-icon-instagram elementor-repeater-item-b8d744b\" href=\"https:\/\/www.instagram.com\/ondentltd\/\" target=\"_blank\">\n\t\t\t\t\t\t<span class=\"elementor-screen-only\">Instagram<\/span>\n\t\t\t\t\t\t<i class=\"fab fa-instagram\"><\/i>\t\t\t\t\t<\/a>\n\t\t\t\t<\/span>\n\t\t\t\t\t\t\t<span class=\"elementor-grid-item\">\n\t\t\t\t\t<a class=\"elementor-icon elementor-social-icon elementor-social-icon-linkedin elementor-repeater-item-c1f7999\" href=\"https:\/\/www.linkedin.com\/company\/ondent\" target=\"_blank\">\n\t\t\t\t\t\t<span class=\"elementor-screen-only\">Linkedin<\/span>\n\t\t\t\t\t\t<i class=\"fab fa-linkedin\"><\/i>\t\t\t\t\t<\/a>\n\t\t\t\t<\/span>\n\t\t\t\t\t<\/div>\n\t\t\t\t<\/div>\n\t\t\t\t<\/div>\n\t\t\t\t<div class=\"elementor-element elementor-element-54e5ea5b elementor-widget-divider--view-line elementor-widget elementor-widget-divider\" data-id=\"54e5ea5b\" data-element_type=\"widget\" data-widget_type=\"divider.default\">\n\t\t\t\t<div class=\"elementor-widget-container\">\n\t\t\t\t\t<div class=\"elementor-divider\">\n\t\t\t<span class=\"elementor-divider-separator\">\n\t\t\t\t\t\t<\/span>\n\t\t<\/div>\n\t\t\t\t<\/div>\n\t\t\t\t<\/div>\n\t\t\t\t\t\t<\/div>\n\t\t\t\t\t<\/div>\n\t\t<\/div>\n\t\t\t\t\t\t\t\t<\/div>\n\t\t\t\t\t<\/div>\n\t\t<\/section>\n\t\t\t\t\t\t<\/div>\n\t\t\t\t\t\t<\/div>\n\t\t\t\t\t<\/div>\n\t\t","protected":false},"excerpt":{"rendered":"<p>Cyclone Epax Druckparameter \u201eDer smarteste Weg f\u00fcr Ihr sch\u00f6nstes L\u00e4cheln!\u201c Epax DX10 Pro Model Guide Cast Tray Denture Perma Splint Gingiva Match Model Schichth\u00f6he: 0,100 mm Unterste Schicht Anzahl: 4 Belichtungszeit: 4.500 s Unterste Belichtungszeit: 35.000 s \u00dcbergangsschicht Anzahl: 0 Wartemodus w\u00e4hrend des Drucks: Ruhezeit Ruhezeit vor dem Anheben: 0,000 s Ruhezeit nach dem Anheben: [&hellip;]<\/p>\n","protected":false},"author":1,"featured_media":0,"parent":0,"menu_order":0,"comment_status":"closed","ping_status":"closed","template":"elementor_header_footer","meta":{"footnotes":""},"class_list":["post-4173","page","type-page","status-publish","czr-hentry"],"_links":{"self":[{"href":"https:\/\/on-dent.com\/index.php?rest_route=\/wp\/v2\/pages\/4173","targetHints":{"allow":["GET"]}}],"collection":[{"href":"https:\/\/on-dent.com\/index.php?rest_route=\/wp\/v2\/pages"}],"about":[{"href":"https:\/\/on-dent.com\/index.php?rest_route=\/wp\/v2\/types\/page"}],"author":[{"embeddable":true,"href":"https:\/\/on-dent.com\/index.php?rest_route=\/wp\/v2\/users\/1"}],"replies":[{"embeddable":true,"href":"https:\/\/on-dent.com\/index.php?rest_route=%2Fwp%2Fv2%2Fcomments&post=4173"}],"version-history":[{"count":28,"href":"https:\/\/on-dent.com\/index.php?rest_route=\/wp\/v2\/pages\/4173\/revisions"}],"predecessor-version":[{"id":4952,"href":"https:\/\/on-dent.com\/index.php?rest_route=\/wp\/v2\/pages\/4173\/revisions\/4952"}],"wp:attachment":[{"href":"https:\/\/on-dent.com\/index.php?rest_route=%2Fwp%2Fv2%2Fmedia&parent=4173"}],"curies":[{"name":"wp","href":"https:\/\/api.w.org\/{rel}","templated":true}]}}